{"id":3,"date":"2026-02-24T11:08:16","date_gmt":"2026-02-24T10:08:16","guid":{"rendered":"https:\/\/million-jestem.com\/?page_id=3"},"modified":"2026-04-13T17:32:21","modified_gmt":"2026-04-13T15:32:21","slug":"polityka-prywatnosci","status":"publish","type":"page","link":"https:\/\/million-jestem.com\/?page_id=3","title":{"rendered":"Polityka prywatno\u015bci"},"content":{"rendered":"[vc_row type=&#8221;in_container&#8221; full_screen_row_position=&#8221;middle&#8221; column_margin=&#8221;default&#8221; column_direction=&#8221;default&#8221; column_direction_tablet=&#8221;default&#8221; column_direction_phone=&#8221;default&#8221; scene_position=&#8221;center&#8221; text_color=&#8221;dark&#8221; text_align=&#8221;left&#8221; row_border_radius=&#8221;none&#8221; row_border_radius_applies=&#8221;bg&#8221; overflow=&#8221;visible&#8221; overlay_strength=&#8221;0.3&#8243; gradient_direction=&#8221;left_to_right&#8221; shape_divider_position=&#8221;bottom&#8221; bg_image_animation=&#8221;none&#8221;][vc_column column_padding=&#8221;no-extra-padding&#8221; column_padding_tablet=&#8221;inherit&#8221; column_padding_phone=&#8221;inherit&#8221; column_padding_position=&#8221;all&#8221; column_element_direction_desktop=&#8221;default&#8221; column_element_spacing=&#8221;default&#8221; desktop_text_alignment=&#8221;default&#8221; tablet_text_alignment=&#8221;default&#8221; phone_text_alignment=&#8221;default&#8221; background_color_opacity=&#8221;1&#8243; background_hover_color_opacity=&#8221;1&#8243; column_backdrop_filter=&#8221;none&#8221; column_shadow=&#8221;none&#8221; column_border_radius=&#8221;none&#8221; column_link_target=&#8221;_self&#8221; column_position=&#8221;default&#8221; gradient_direction=&#8221;left_to_right&#8221; overlay_strength=&#8221;0.3&#8243; width=&#8221;1\/1&#8243; tablet_width_inherit=&#8221;default&#8221; animation_type=&#8221;default&#8221; bg_image_animation=&#8221;none&#8221; border_type=&#8221;simple&#8221; column_border_width=&#8221;none&#8221; column_border_style=&#8221;solid&#8221;][vc_column_text]\n<p>Polityka prywatno\u015bci<\/p>\n<p>I. Postanowienia og\u00f3lne<\/p>\n<p>Polityka prywatno\u015bci okre\u015bla, jak zbierane, przetwarzane i przechowywane s\u0105 dane osobowe U\u017cytkownik\u00f3w niezb\u0119dne do \u015bwiadczenia us\u0142ug drog\u0105 elektroniczn\u0105 za po\u015brednictwem serwisu internetowego million-jestem.com .<br \/>\nSerwis zbiera wy\u0142\u0105cznie dane osobowe niezb\u0119dne do \u015bwiadczenia i rozwoju us\u0142ug w nim oferowanych.<br \/>\nDane osobowe zbierane za po\u015brednictwem Serwisu s\u0105 przetwarzane zgodnie z Rozporz\u0105dzeniem Parlamentu Europejskiego i Rady (UE) 2016\/679 z dnia 27 kwietnia 2016 r. w sprawie ochrony os\u00f3b fizycznych w zwi\u0105zku z przetwarzaniem danych osobowych i w sprawie swobodnego przep\u0142ywu takich danych oraz uchylenia dyrektywy 95\/46\/WE (og\u00f3lne rozporz\u0105dzenie o ochronie danych, dalej RODO) oraz ustaw\u0105 o ochronie danych osobowych z dnia 10 maja 2018 r.<br \/>\nII. Administrator danych<\/p>\n<p>Administratorem danych osobowych jest MILLION JESTEM SP\u00d3\u0141KA Z OGRANICZON\u0104 ODPOWIEDZIALNO\u015aCI\u0104 z siedzib\u0105 pod adresem: <b data-path-to-node=\"5,0\" data-index-in-node=\"117\">ul. ZIO\u0141OWA 9, 62-512 SZCZEPID\u0141O<\/b>, wpisana do rejestru przedsi\u0119biorc\u00f3w KRS: 0001232366, NIP: 6653085306, REGON: 544426284, adres poczty elektronicznej: <b data-path-to-node=\"5,0\" data-index-in-node=\"268\">kontakt@million-jestem.com<\/b> (dalej: Administrator).<\/p>\n<p>III. Cel zbierania danych osobowych<\/p>\n<p>Dane osobowe wykorzystywane s\u0105 w celu:<br \/>\nrejestracji konta i weryfikacji to\u017csamo\u015bci U\u017cytkownika,<br \/>\numo\u017cliwienia logowania do Serwisu,<br \/>\nrealizacji umowy dotycz\u0105cej us\u0142ug i e-us\u0142ug,<br \/>\nkomunikacji z U\u017cytkownikiem (livechat, formularz kontaktowy itp.)<br \/>\nwysy\u0142ki newslettera (po wyra\u017ceniu zgody U\u017cytkownika na jego otrzymywanie),<br \/>\nprowadzenia systemu komentarzy,<br \/>\n\u015bwiadczenia us\u0142ug spo\u0142eczno\u015bciowych,<br \/>\npromocji oferty Administratora,<br \/>\nmarketingu, remarketingu, afiliacji,<br \/>\npersonalizacji Serwisu dla U\u017cytkownik\u00f3w,<br \/>\ndzia\u0142a\u0144 analitycznych i statystycznych,<br \/>\nwindykacji nale\u017cno\u015bci,<br \/>\nustalenia i dochodzenia roszcze\u0144 albo obrony przed nimi.<br \/>\nPodanie danych jest dobrowolne, ale niezb\u0119dne do zawarcia umowy albo skorzystania z innych funkcjonalno\u015bci Serwisu.<br \/>\nIV. Rodzaj przetwarzanych danych osobowych<\/p>\n<p>Administrator mo\u017ce przetwarza\u0107 dane osobowe U\u017cytkownika: imi\u0119 i nazwisko, data urodzenia, adres zamieszkania, adres e-mail, numer telefonu, NIP.<\/p>\n<p>V. Okres przetwarzania danych osobowych<\/p>\n<p>Dane osobowe U\u017cytkownik\u00f3w b\u0119d\u0105 przetwarzane przez okres:<\/p>\n<p>gdy podstaw\u0105 przetwarzania danych jest wykonanie umowy \u2013 do momentu przedawnienia roszcze\u0144 po jej wykonaniu,<br \/>\ngdy podstaw\u0105 przetwarzania danych jest zgoda \u2013 do momentu jej odwo\u0142ania, a po odwo\u0142aniu zgody do przedawnienia roszcze\u0144.<br \/>\nW obu przypadkach termin przedawnienia wynosi 6 lat, a dla roszcze\u0144 o \u015bwiadczenia okresowe i roszcze\u0144 dotycz\u0105cych prowadzenia dzia\u0142alno\u015bci gospodarczej \u2013 3 lata (je\u015bli przepis szczeg\u00f3lny nie stanowi inaczej).<\/p>\n<p>VI. Udost\u0119pnianie danych osobowych<\/p>\n<p>Dane osobowe U\u017cytkownik\u00f3w mog\u0105 by\u0107 przekazywane: podmiotom powi\u0105zanym z Administratorem, jego podwykonawcom, podmiotom wsp\u00f3\u0142pracuj\u0105cym z Administratorem np. firmom obs\u0142uguj\u0105cym e-p\u0142atno\u015bci, firmom \u015bwiadcz\u0105cym us\u0142ugi kurierskie\/pocztowe, kancelariom prawnym.<br \/>\nDane osobowe U\u017cytkownik\u00f3w nie b\u0119d\u0105\/b\u0119d\u0105 przekazywane poza teren Europejskiego Obszaru Gospodarczego (EOG).<br \/>\nVII. Prawa U\u017cytkownik\u00f3w<\/p>\n<p>U\u017cytkownik Serwisu ma prawo do: dost\u0119pu do tre\u015bci swoich danych osobowych, ich sprostowania, usuni\u0119cia, ograniczenia przetwarzania, przenoszenia, wniesienia sprzeciwu wobec przetwarzania, cofni\u0119cia zgody w ka\u017cdej chwili (co nie ma wp\u0142ywu na zgodno\u015b\u0107 z prawem przetwarzania dokonanego w oparciu o zgod\u0119 przed jej cofni\u0119ciem).<br \/>\nZg\u0142oszenie o wyst\u0105pieniu przez U\u017cytkownika z uprawnieniem wynikaj\u0105cym z wymienionych praw nale\u017cy przes\u0142a\u0107 na adres <b data-path-to-node=\"10,0\" data-index-in-node=\"115\">kontakt@million-jestem.com<\/b>.<br \/>\nAdministrator spe\u0142nia lub odmawia spe\u0142nienia \u017c\u0105dania niezw\u0142ocznie \u2013 maksymalnie w ci\u0105gu miesi\u0105ca od jego otrzymania.<br \/>\nU\u017cytkownik ma prawo z\u0142o\u017cy\u0107 skarg\u0119 do Prezesa Urz\u0119du Ochrony Danych Osobowych, je\u015bli uzna, \u017ce przetwarzanie narusza jego prawa i wolno\u015bci (RODO).<br \/>\nVIII. Pliki cookies<\/p>\n<p>Serwis zbiera informacje za pomoc\u0105 plik\u00f3w cookies \u2013 sesyjnych, sta\u0142ych i podmiot\u00f3w zewn\u0119trznych.<br \/>\nZbieranie plik\u00f3w cookies wspiera poprawne \u015bwiadczenie us\u0142ug w Serwisie i s\u0142u\u017cy celom statystycznym.<br \/>\nU\u017cytkownik mo\u017ce okre\u015bli\u0107 zakres dost\u0119pu plik\u00f3w cookies do swojego urz\u0105dzenia w ustawieniach przegl\u0105darki.<br \/>\nIX. Zautomatyzowane podejmowanie decyzji i profilowanie<\/p>\n<p>Dane U\u017cytkownik\u00f3w nie mog\u0105 by\u0107 przetwarzane w zautomatyzowany spos\u00f3b tak, \u017ce na skutek tego mog\u0142yby zapa\u015b\u0107 wobec nich jakiekolwiek decyzje.<br \/>\nDane U\u017cytkownik\u00f3w mog\u0105 by\u0107 profilowane celem dostosowania tre\u015bci i personalizacji oferty po wyra\u017ceniu przez nich zgody.<br \/>\nX. Postanowienia ko\u0144cowe<\/p>\n<p>Administrator ma prawo do wprowadzenia zmian w Polityce prywatno\u015bci, przy czym prawa U\u017cytkownik\u00f3w nie zostan\u0105 ograniczone.<br \/>\nInformacja o wprowadzonych zmianach pojawi si\u0119 w formie komunikatu dost\u0119pnego w Serwisie.<br \/>\nW sprawach nieuregulowanych w niniejszej Polityce prywatno\u015bci obowi\u0105zuj\u0105 przepisy RODO i przepisy prawa polskiego.<\/p>\n[\/vc_column_text][\/vc_column][\/vc_row]\n","protected":false},"excerpt":{"rendered":"<p>[vc_row type=&#8221;in_container&#8221; full_screen_row_position=&#8221;middle&#8221; column_margin=&#8221;default&#8221; column_direction=&#8221;default&#8221; column_direction_tablet=&#8221;default&#8221; column_direction_phone=&#8221;default&#8221; scene_position=&#8221;center&#8221; text_color=&#8221;dark&#8221; text_align=&#8221;left&#8221; row_border_radius=&#8221;none&#8221; row_border_radius_applies=&#8221;bg&#8221; overflow=&#8221;visible&#8221; overlay_strength=&#8221;0.3&#8243; gradient_direction=&#8221;left_to_right&#8221; shape_divider_position=&#8221;bottom&#8221; bg_image_animation=&#8221;none&#8221;][vc_column column_padding=&#8221;no-extra-padding&#8221; column_padding_tablet=&#8221;inherit&#8221; column_padding_phone=&#8221;inherit&#8221; column_padding_position=&#8221;all&#8221; column_element_direction_desktop=&#8221;default&#8221; column_element_spacing=&#8221;default&#8221; desktop_text_alignment=&#8221;default&#8221; tablet_text_alignment=&#8221;default&#8221; phone_text_alignment=&#8221;default&#8221; background_color_opacity=&#8221;1&#8243; background_hover_color_opacity=&#8221;1&#8243; column_backdrop_filter=&#8221;none&#8221; column_shadow=&#8221;none&#8221;&#8230;<\/p>\n","protected":false},"author":1,"featured_media":0,"parent":0,"menu_order":0,"comment_status":"closed","ping_status":"open","template":"","meta":{"footnotes":""},"class_list":["post-3","page","type-page","status-publish"],"jetpack_sharing_enabled":true,"_links":{"self":[{"href":"https:\/\/million-jestem.com\/index.php?rest_route=\/wp\/v2\/pages\/3","targetHints":{"allow":["GET"]}}],"collection":[{"href":"https:\/\/million-jestem.com\/index.php?rest_route=\/wp\/v2\/pages"}],"about":[{"href":"https:\/\/million-jestem.com\/index.php?rest_route=\/wp\/v2\/types\/page"}],"author":[{"embeddable":true,"href":"https:\/\/million-jestem.com\/index.php?rest_route=\/wp\/v2\/users\/1"}],"replies":[{"embeddable":true,"href":"https:\/\/million-jestem.com\/index.php?rest_route=%2Fwp%2Fv2%2Fcomments&post=3"}],"version-history":[{"count":4,"href":"https:\/\/million-jestem.com\/index.php?rest_route=\/wp\/v2\/pages\/3\/revisions"}],"predecessor-version":[{"id":2256,"href":"https:\/\/million-jestem.com\/index.php?rest_route=\/wp\/v2\/pages\/3\/revisions\/2256"}],"wp:attachment":[{"href":"https:\/\/million-jestem.com\/index.php?rest_route=%2Fwp%2Fv2%2Fmedia&parent=3"}],"curies":[{"name":"wp","href":"https:\/\/api.w.org\/{rel}","templated":true}]}}